{"id":67,"date":"2018-02-28T17:20:01","date_gmt":"2018-02-28T17:20:01","guid":{"rendered":"https:\/\/ccevents.nl\/?page_id=67"},"modified":"2023-08-30T13:15:44","modified_gmt":"2023-08-30T13:15:44","slug":"events","status":"publish","type":"page","link":"https:\/\/ccevents.nl\/?page_id=67","title":{"rendered":"Events"},"content":{"rendered":"\n<h1>\n\t\tSitecrew\n\t<\/h1>\n\t<p>Sitecrew zorgt dat al het geleverde materiaal op het evenemententerrein (on-site) op zijn plek staat, aangesloten is en festival klaar is. CC Events is verantwoordelijk voor de stroomvoorziening, binnen en buitenlijn van de hekken, decoratie en banners, vloeren, tenten, podiumbouw en aansluiten van licht en geluid. Uiteraard worden de meeste van deze diensten ook door verhuurders zelf aangeboden bij de verhuur.<\/p>\n<p>CC Events zet al meer dan tien jaar sitecrew werkzaamheden neer voor verschillende opdrachtgevers. CC Events maakt bij deze projecten gebruik van haar eigen projectleiders, ervaren personeel die zelfstandig werken en kan zo de volledige operationele productie op zich nemen.<\/p>\n\t<p>CC Events neemt verantwoordelijkheid over alle &#8216;hardware&#8217; van uw evenement. Het team van CC Events is geselecteerd op fysieke kwaliteiten, communicatieve vaardigheden en probleemoplossend vermogen. Hierdoor kan onze sitecrew niet alleen zwaar werk verrichten, maar ook goed meedenken met de opdrachtgever.<\/p>\n<p>Onze projectleiders nemen hierin ook graag een last van uw schouders. Met meer dan tien jaar sitecrew-ervaring weten zij ieder project, klein of groot, tot een goed resultaat te brengen. Zij kunnen de gehele operationele productie op zich nemen. Dan hoeft u daar niet meer naar om te kijken.<\/p>\n<h1>\n\t\tFood &#038; Beverages\n\t<\/h1>\n\t<p>CC Events levert al meer dan 14 jaar horecadiensten op vrijwel ieder type evenement. Zo is CC Events trouwe partner van zowel festivals, sportevenementen en zakelijke evenementen. Wij houden altijd rekening met de verschillende typen bezoekers die op evenementen komen.<\/p>\n<p>CC Events levert daarin vrijwel alle denkbare diensten om een fantastisch resultaat neer te zetten met barhoofden, runners en spontaan barpersoneel op festivals tot banqueting medewerkers in pak op een bruiloft of seminar. Ook biedt CC Events de mogelijkheid om de volledige drank en catering te verzorgen met een door u gekozen assortiment.<\/p>\n<p>Neem vrijblijvend contact met ons op om de mogelijkheden voor uw evenement te bespreken.<\/p>\n<h1>\n\t\tFinance\n\t<\/h1>\n\t<p>Als ervaren toeleverancier in de evenementenbranche, weet CC Events hoe belangrijk het is dat de financi\u00ebn of accreditatie in goede handen zijn op uw evenement. Ons finance-team bestaat daarom uit ervaren en betrouwbare mannen en vrouwen waar u op kunt rekenen. Wij zijn vertrouwd met vrijwel ieder kassasysteem, studeren in een financi\u00eble richting of hebben jaren ervaring en hebben een professionele en representatieve uitstraling.<\/p>\n<p>CC Events voert opdrachten op het gebied van finance met zowel kassi\u00e8res als hoofdkassi\u00e8res. Wij kunnen de complete financi\u00ebn uit handen nemen en zelf muntenkassa&#8217;s leveren.<\/p>\n\t\t<a href=\"https:\/\/ccevents.nl\/events\/\" target=\"_self\" rel=\"noopener\">\n\t\t\t\t\t\t<img decoding=\"async\" src=\"https:\/\/ccevents.nl\/wp-content\/uploads\/2018\/06\/TRANS.png\" alt=\"\"\/>\n\t\t\t\t\t<p>SITECREWFOOD &amp; DRINKSFINANCE<\/p>\t\t\t\t\t\n\t\t\t\t<h3>\n\t\t\tEVENTS\t\t<\/h3>\n\t\t<\/a>\n\t\t<a href=\"https:\/\/ccevents.nl\/productions\/\" target=\"_self\" rel=\"noopener\">\n\t\t\t\t\t\t<img decoding=\"async\" src=\"https:\/\/ccevents.nl\/wp-content\/uploads\/2018\/06\/TRANS.png\" alt=\"\"\/>\n\t\t\t\t\t<p>SITECREWFOOD &amp; DRINKSFINANCE<\/p>\t\t\t\t\t\n\t\t\t\t<h3>\n\t\t\tPRODUCTIONS\t\t<\/h3>\n\t\t<\/a>\n\t\t<a href=\"https:\/\/ccevents.nl\/promotions\/\" target=\"_self\" rel=\"noopener\">\n\t\t\t\t\t\t<img decoding=\"async\" src=\"https:\/\/ccevents.nl\/wp-content\/uploads\/2018\/06\/TRANS.png\" alt=\"\"\/>\n\t\t\t\t\t<p>SITECREWFOOD &amp; DRINKSFINANCE<\/p>\t\t\t\t\t\n\t\t\t\t<h3>\n\t\t\tPROMOTIONS\t\t<\/h3>\n\t\t<\/a>\n\t<h2>\n\t\tCONTACT\n\t<\/h2>\n\t<p>+31 6 5230 0611 \u2022\u00a0info@ccevents.nl<\/p>\n\t\t\t\t<img decoding=\"async\" src=\"https:\/\/ccevents.nl\/wp-content\/uploads\/2018\/12\/sven-500x500.jpg\" alt=\"Sven van der Zaken - checkcrew\" itemprop=\"image\"\/>\n\t\t\t\t \n\t\t<h3>Sven van der Zaken<\/h3>Algemeen Manager\n+31 6 36 13 47 25<br \/>\n<a HREF=\"mailto:sven@ccevents.nl\">sven@ccevents.nl<\/a>\t\t\t\t\t\n\t\t\t\t<img decoding=\"async\" src=\"https:\/\/ccevents.nl\/wp-content\/uploads\/2023\/01\/Jerry-Ewo.jpg\" alt=\"Jerry Ewo\" itemprop=\"image\"\/>\n\t\t\t\t \n\t\t<h3>Jerry Ewo<\/h3>\n\t\t\t\t<img decoding=\"async\" src=\"https:\/\/ccevents.nl\/wp-content\/uploads\/2023\/08\/Bram-Mars.jpg\" alt=\"Bram Mars\" itemprop=\"image\"\/>\n\t\t\t\t \n\t\t<h3>Bram Mars<\/h3>\n\t\t\t\t<img decoding=\"async\" src=\"https:\/\/ccevents.nl\/wp-content\/uploads\/2018\/12\/cherie-500x500.jpg\" alt=\"Cherie van der Veen - CheckCrew\" itemprop=\"image\"\/>\n\t\t\t\t \n\t\t<h3>Cherie van der Veen<\/h3>Office Manager\n+31 6 12 59 26 51<br \/>\n<a HREF=\"mailto:cherie@ccevents.nl\">cherie@ccevents.nl<\/a>\t\t\t\t\t\n\t\t\t\t<img decoding=\"async\" src=\"https:\/\/ccevents.nl\/wp-content\/uploads\/2023\/02\/Rody-2.jpg\" alt=\"Rody\" itemprop=\"image\"\/>\n\t\t\t\t \n\t\t<h3>Rody Gibbes<\/h3>\n\t\t\t\t<img decoding=\"async\" src=\"https:\/\/ccevents.nl\/wp-content\/uploads\/2021\/10\/Dimitri-Rats.jpg\" alt=\"Dimitri Rats\" itemprop=\"image\"\/>\n\t\t\t\t \n\t\t<h3>Dimitri Rats<\/h3>\n\t\t\t\t<img decoding=\"async\" src=\"https:\/\/ccevents.nl\/wp-content\/uploads\/2018\/12\/kirsten-500x500.jpg\" alt=\"Kirsten Havik - CheckCrew\" itemprop=\"image\"\/>\n\t\t\t\t \n\t\t<h3>Kirsten Havik<\/h3>F&#038;B Manager\n+31 6 10 73 50 45<br \/> \n<a HREF=\"mailto:cherie@ccevents.nl\">kirsten@ccevents.nl<\/a>\t\t\t\t\t\n\t\t\t\t<img decoding=\"async\" src=\"https:\/\/ccevents.nl\/wp-content\/uploads\/2022\/05\/Guido-van-Slogteren-1.jpg\" alt=\"Guido van Slogteren\" itemprop=\"image\"\/>\n\t\t\t\t \n\t\t<h3>Guido van Slogteren<\/h3>\n\t\t\t\t<img decoding=\"async\" src=\"https:\/\/ccevents.nl\/wp-content\/uploads\/2021\/10\/Sven-Schelvis.jpg\" alt=\"Sven Schelvis\" itemprop=\"image\"\/>\n\t\t\t\t \n\t\t<h3>Sven Schelvis<\/h3>\n\t<iframe src=\"https:\/\/www.google.com\/maps\/embed\/v1\/place?q=De+Trompet+1625%2C+Heemskerk&#038;key=AIzaSyD09zQ9PNDNNy9TadMuzRV_UsPUoWKntt8\" aria-hidden=\"true\"><\/iframe>\n\t\t\t<h3>CC Events BV<\/h3>\t\t\t\n\t\t\t\t<p>De Trompet 1625<br \/>1967 DB Heemskerk<\/p>\n<p>K.v.K.: 68824076<br \/>BTW: NL857608320B01<\/p>\n\n","protected":false},"excerpt":{"rendered":"<p>Sitecrew Sitecrew zorgt dat al het geleverde materiaal op het evenemententerrein (on-site) op zijn plek staat, aangesloten is en festival klaar is. CC Events is verantwoordelijk voor de stroomvoorziening, binnen en buitenlijn van de hekken, decoratie en banners, vloeren, tenten, podiumbouw en aansluiten van licht en geluid. Uiteraard worden de meeste van deze diensten ook&hellip;<\/p>\n","protected":false},"author":1,"featured_media":0,"parent":0,"menu_order":0,"comment_status":"closed","ping_status":"closed","template":"","meta":{"footnotes":""},"class_list":["post-67","page","type-page","status-publish","hentry"],"yoast_head":"<!-- This site is optimized with the Yoast SEO plugin v27.6 - https:\/\/yoast.com\/product\/yoast-seo-wordpress\/ -->\n<title>Projectleiders - Sitecrew - Barmedewerkers - Kassi\u00e8res - CC Events<\/title>\n<meta name=\"description\" content=\"Sitecrew, horeca en finance op festivals binnen- en buitenland. Wij werken met gecertificeerd personeel voor op- en afbouw, bar- en kassadiensten.\" \/>\n<meta name=\"robots\" content=\"index, follow, max-snippet:-1, max-image-preview:large, max-video-preview:-1\" \/>\n<link rel=\"canonical\" href=\"https:\/\/ccevents.nl\/?page_id=67\" \/>\n<meta property=\"og:locale\" content=\"nl_NL\" \/>\n<meta property=\"og:type\" content=\"article\" \/>\n<meta property=\"og:title\" content=\"Projectleiders - Sitecrew - Barmedewerkers - Kassi\u00e8res - CC Events\" \/>\n<meta property=\"og:description\" content=\"Sitecrew, horeca en finance op festivals binnen- en buitenland. Wij werken met gecertificeerd personeel voor op- en afbouw, bar- en kassadiensten.\" \/>\n<meta property=\"og:url\" content=\"https:\/\/ccevents.nl\/?page_id=67\" \/>\n<meta property=\"og:site_name\" content=\"CC Events\" \/>\n<meta property=\"article:modified_time\" content=\"2023-08-30T13:15:44+00:00\" \/>\n<meta property=\"og:image\" content=\"https:\/\/ccevents.nl\/wp-content\/uploads\/2018\/06\/TRANS.png\" \/>\n<meta name=\"twitter:card\" content=\"summary_large_image\" \/>\n<meta name=\"twitter:label1\" content=\"Geschatte leestijd\" \/>\n\t<meta name=\"twitter:data1\" content=\"5 minuten\" \/>\n<script type=\"application\/ld+json\" class=\"yoast-schema-graph\">{\"@context\":\"https:\\\/\\\/schema.org\",\"@graph\":[{\"@type\":\"WebPage\",\"@id\":\"https:\\\/\\\/ccevents.nl\\\/?page_id=67\",\"url\":\"https:\\\/\\\/ccevents.nl\\\/?page_id=67\",\"name\":\"Projectleiders - Sitecrew - Barmedewerkers - Kassi\u00e8res - CC Events\",\"isPartOf\":{\"@id\":\"https:\\\/\\\/ccevents.nl\\\/#website\"},\"primaryImageOfPage\":{\"@id\":\"https:\\\/\\\/ccevents.nl\\\/?page_id=67#primaryimage\"},\"image\":{\"@id\":\"https:\\\/\\\/ccevents.nl\\\/?page_id=67#primaryimage\"},\"thumbnailUrl\":\"https:\\\/\\\/ccevents.nl\\\/wp-content\\\/uploads\\\/2018\\\/06\\\/TRANS.png\",\"datePublished\":\"2018-02-28T17:20:01+00:00\",\"dateModified\":\"2023-08-30T13:15:44+00:00\",\"description\":\"Sitecrew, horeca en finance op festivals binnen- en buitenland. Wij werken met gecertificeerd personeel voor op- en afbouw, bar- en kassadiensten.\",\"breadcrumb\":{\"@id\":\"https:\\\/\\\/ccevents.nl\\\/?page_id=67#breadcrumb\"},\"inLanguage\":\"nl-NL\",\"potentialAction\":[{\"@type\":\"ReadAction\",\"target\":[\"https:\\\/\\\/ccevents.nl\\\/?page_id=67\"]}]},{\"@type\":\"ImageObject\",\"inLanguage\":\"nl-NL\",\"@id\":\"https:\\\/\\\/ccevents.nl\\\/?page_id=67#primaryimage\",\"url\":\"https:\\\/\\\/ccevents.nl\\\/wp-content\\\/uploads\\\/2018\\\/06\\\/TRANS.png\",\"contentUrl\":\"https:\\\/\\\/ccevents.nl\\\/wp-content\\\/uploads\\\/2018\\\/06\\\/TRANS.png\",\"width\":2,\"height\":2},{\"@type\":\"BreadcrumbList\",\"@id\":\"https:\\\/\\\/ccevents.nl\\\/?page_id=67#breadcrumb\",\"itemListElement\":[{\"@type\":\"ListItem\",\"position\":1,\"name\":\"Home\",\"item\":\"https:\\\/\\\/ccevents.nl\\\/\"},{\"@type\":\"ListItem\",\"position\":2,\"name\":\"Events\"}]},{\"@type\":\"WebSite\",\"@id\":\"https:\\\/\\\/ccevents.nl\\\/#website\",\"url\":\"https:\\\/\\\/ccevents.nl\\\/\",\"name\":\"CC Events\",\"description\":\"Events &amp; Promotions\",\"potentialAction\":[{\"@type\":\"SearchAction\",\"target\":{\"@type\":\"EntryPoint\",\"urlTemplate\":\"https:\\\/\\\/ccevents.nl\\\/?s={search_term_string}\"},\"query-input\":{\"@type\":\"PropertyValueSpecification\",\"valueRequired\":true,\"valueName\":\"search_term_string\"}}],\"inLanguage\":\"nl-NL\"}]}<\/script>\n<!-- \/ Yoast SEO plugin. -->","yoast_head_json":{"title":"Projectleiders - Sitecrew - Barmedewerkers - Kassi\u00e8res - CC Events","description":"Sitecrew, horeca en finance op festivals binnen- en buitenland. Wij werken met gecertificeerd personeel voor op- en afbouw, bar- en kassadiensten.","robots":{"index":"index","follow":"follow","max-snippet":"max-snippet:-1","max-image-preview":"max-image-preview:large","max-video-preview":"max-video-preview:-1"},"canonical":"https:\/\/ccevents.nl\/?page_id=67","og_locale":"nl_NL","og_type":"article","og_title":"Projectleiders - Sitecrew - Barmedewerkers - Kassi\u00e8res - CC Events","og_description":"Sitecrew, horeca en finance op festivals binnen- en buitenland. Wij werken met gecertificeerd personeel voor op- en afbouw, bar- en kassadiensten.","og_url":"https:\/\/ccevents.nl\/?page_id=67","og_site_name":"CC Events","article_modified_time":"2023-08-30T13:15:44+00:00","og_image":[{"url":"https:\/\/ccevents.nl\/wp-content\/uploads\/2018\/06\/TRANS.png","type":"","width":"","height":""}],"twitter_card":"summary_large_image","twitter_misc":{"Geschatte leestijd":"5 minuten"},"schema":{"@context":"https:\/\/schema.org","@graph":[{"@type":"WebPage","@id":"https:\/\/ccevents.nl\/?page_id=67","url":"https:\/\/ccevents.nl\/?page_id=67","name":"Projectleiders - Sitecrew - Barmedewerkers - Kassi\u00e8res - CC Events","isPartOf":{"@id":"https:\/\/ccevents.nl\/#website"},"primaryImageOfPage":{"@id":"https:\/\/ccevents.nl\/?page_id=67#primaryimage"},"image":{"@id":"https:\/\/ccevents.nl\/?page_id=67#primaryimage"},"thumbnailUrl":"https:\/\/ccevents.nl\/wp-content\/uploads\/2018\/06\/TRANS.png","datePublished":"2018-02-28T17:20:01+00:00","dateModified":"2023-08-30T13:15:44+00:00","description":"Sitecrew, horeca en finance op festivals binnen- en buitenland. Wij werken met gecertificeerd personeel voor op- en afbouw, bar- en kassadiensten.","breadcrumb":{"@id":"https:\/\/ccevents.nl\/?page_id=67#breadcrumb"},"inLanguage":"nl-NL","potentialAction":[{"@type":"ReadAction","target":["https:\/\/ccevents.nl\/?page_id=67"]}]},{"@type":"ImageObject","inLanguage":"nl-NL","@id":"https:\/\/ccevents.nl\/?page_id=67#primaryimage","url":"https:\/\/ccevents.nl\/wp-content\/uploads\/2018\/06\/TRANS.png","contentUrl":"https:\/\/ccevents.nl\/wp-content\/uploads\/2018\/06\/TRANS.png","width":2,"height":2},{"@type":"BreadcrumbList","@id":"https:\/\/ccevents.nl\/?page_id=67#breadcrumb","itemListElement":[{"@type":"ListItem","position":1,"name":"Home","item":"https:\/\/ccevents.nl\/"},{"@type":"ListItem","position":2,"name":"Events"}]},{"@type":"WebSite","@id":"https:\/\/ccevents.nl\/#website","url":"https:\/\/ccevents.nl\/","name":"CC Events","description":"Events &amp; Promotions","potentialAction":[{"@type":"SearchAction","target":{"@type":"EntryPoint","urlTemplate":"https:\/\/ccevents.nl\/?s={search_term_string}"},"query-input":{"@type":"PropertyValueSpecification","valueRequired":true,"valueName":"search_term_string"}}],"inLanguage":"nl-NL"}]}},"_links":{"self":[{"href":"https:\/\/ccevents.nl\/index.php?rest_route=\/wp\/v2\/pages\/67","targetHints":{"allow":["GET"]}}],"collection":[{"href":"https:\/\/ccevents.nl\/index.php?rest_route=\/wp\/v2\/pages"}],"about":[{"href":"https:\/\/ccevents.nl\/index.php?rest_route=\/wp\/v2\/types\/page"}],"author":[{"embeddable":true,"href":"https:\/\/ccevents.nl\/index.php?rest_route=\/wp\/v2\/users\/1"}],"replies":[{"embeddable":true,"href":"https:\/\/ccevents.nl\/index.php?rest_route=%2Fwp%2Fv2%2Fcomments&post=67"}],"version-history":[{"count":14,"href":"https:\/\/ccevents.nl\/index.php?rest_route=\/wp\/v2\/pages\/67\/revisions"}],"predecessor-version":[{"id":1245,"href":"https:\/\/ccevents.nl\/index.php?rest_route=\/wp\/v2\/pages\/67\/revisions\/1245"}],"wp:attachment":[{"href":"https:\/\/ccevents.nl\/index.php?rest_route=%2Fwp%2Fv2%2Fmedia&parent=67"}],"curies":[{"name":"wp","href":"https:\/\/api.w.org\/{rel}","templated":true}]}}